{"id":472,"date":"2023-02-06T17:30:36","date_gmt":"2023-02-06T16:30:36","guid":{"rendered":"https:\/\/evaorigen.com\/?page_id=472"},"modified":"2023-02-06T17:30:36","modified_gmt":"2023-02-06T16:30:36","slug":"cookie","status":"publish","type":"page","link":"https:\/\/evaorigen.com\/es\/cookie\/","title":{"rendered":"Cookie"},"content":{"rendered":"<p>[et_pb_section fb_built=\u00a0\u00bb1&Prime; _builder_version=\u00a0\u00bb4.19.5&Prime; _module_preset=\u00a0\u00bbdefault\u00a0\u00bb global_colors_info=\u00a0\u00bb{}\u00a0\u00bb theme_builder_area=\u00a0\u00bbpost_content\u00a0\u00bb][et_pb_row _builder_version=\u00a0\u00bb4.19.5&Prime; _module_preset=\u00a0\u00bbdefault\u00a0\u00bb global_colors_info=\u00a0\u00bb{}\u00a0\u00bb theme_builder_area=\u00a0\u00bbpost_content\u00a0\u00bb][et_pb_column type=\u00a0\u00bb4_4&Prime; _builder_version=\u00a0\u00bb4.19.5&Prime; _module_preset=\u00a0\u00bbdefault\u00a0\u00bb global_colors_info=\u00a0\u00bb{}\u00a0\u00bb theme_builder_area=\u00a0\u00bbpost_content\u00a0\u00bb][et_pb_text _builder_version=\u00a0\u00bb4.19.5&Prime; _module_preset=\u00a0\u00bbdefault\u00a0\u00bb hover_enabled=\u00a0\u00bb0&Prime; global_colors_info=\u00a0\u00bb{}\u00a0\u00bb theme_builder_area=\u00a0\u00bbpost_content\u00a0\u00bb header_text_color=\u00a0\u00bb#1DAA91&Prime; sticky_enabled=\u00a0\u00bb0&Prime;]<\/p>\n<h1>POLITIQUE DE COOKIES<\/h1>\n<p style=\"color: #212121; font-family: -apple-system,helveticaneue; font-size: 16px;\">\u00ab COOKIES \u00bb<\/p>\n<p style=\"color: #212121; font-family: -apple-system,helveticaneue; font-size: 16px;\">Un \u00ab cookie \u00bb est un petit fichier d\u2019information envoy\u00e9 sur le navigateur de l\u2019Utilisateur et enregistr\u00e9 au sein du terminal de l\u2019Utilisateur (ex : ordinateur, smartphone), (ci-apr\u00e8s \u00ab Cookies \u00bb). Ce fichier comprend des informations telles que le nom de domaine de l\u2019Utilisateur, le fournisseur d\u2019acc\u00e8s Internet de l\u2019Utilisateur, le syst\u00e8me d\u2019exploitation de l\u2019Utilisateur, ainsi que la date et l\u2019heure d\u2019acc\u00e8s. Les Cookies ne risquent en aucun cas d\u2019endommager le terminal de l\u2019Utilisateur.<\/p>\n<p style=\"color: #212121; font-family: -apple-system,helveticaneue; font-size: 16px;\">\u00a0<a href=\"https:\/\/www.evaorigen.com\/\" target=\"_blank\" data-saferedirecturl=\"https:\/\/www.google.com\/url?q=https:\/\/www.evaorigen.com\/&amp;source=gmail&amp;ust=1675786063474000&amp;usg=AOvVaw1cRFlr1dm8g7_rjzHoQDpl\" rel=\"noopener\">https:\/\/www.evaorigen.com\/<\/a> est susceptible de traiter les informations de l\u2019Utilisateur concernant sa visite du Site, telles que les pages consult\u00e9es, les recherches effectu\u00e9es. Ces informations permettent \u00e0 <a href=\"https:\/\/www.evaorigen.com\/\" target=\"_blank\" data-saferedirecturl=\"https:\/\/www.google.com\/url?q=https:\/\/www.evaorigen.com\/&amp;source=gmail&amp;ust=1675786063474000&amp;usg=AOvVaw1cRFlr1dm8g7_rjzHoQDpl\" rel=\"noopener\">https:\/\/www.evaorigen.com\/<\/a> d\u2019am\u00e9liorer le contenu du Site, de la navigation de l\u2019Utilisateur.<\/p>\n<p style=\"color: #212121; font-family: -apple-system,helveticaneue; font-size: 16px;\">Les Cookies facilitant la navigation et\/ou la fourniture des services propos\u00e9s par le Site, l\u2019Utilisateur peut configurer son navigateur pour qu\u2019il lui permette de d\u00e9cider s\u2019il souhaite ou non les accepter de mani\u00e8re \u00e0 ce que des Cookies soient enregistr\u00e9s dans le terminal ou, au contraire, qu\u2019ils soient rejet\u00e9s, soit syst\u00e9matiquement, soit selon leur \u00e9metteur. L\u2019Utilisateur peut \u00e9galement configurer son logiciel de navigation de mani\u00e8re \u00e0 ce que l\u2019acceptation ou le refus des Cookies lui soient propos\u00e9s ponctuellement, avant qu\u2019un Cookie soit susceptible d\u2019\u00eatre enregistr\u00e9 dans son terminal.\u00a0<a href=\"https:\/\/www.evaorigen.com\/\" target=\"_blank\" data-saferedirecturl=\"https:\/\/www.google.com\/url?q=https:\/\/www.evaorigen.com\/&amp;source=gmail&amp;ust=1675786063474000&amp;usg=AOvVaw1cRFlr1dm8g7_rjzHoQDpl\" rel=\"noopener\">https:\/\/www.<wbr \/>evaorigen.com\/<\/a><\/p>\n<p style=\"color: #212121; font-family: -apple-system,helveticaneue; font-size: 16px;\">informe l\u2019Utilisateur que, dans ce cas, il se peut que les fonctionnalit\u00e9s de son logiciel de navigation ne soient pas toutes disponibles.<\/p>\n<p style=\"color: #212121; font-family: -apple-system,helveticaneue; font-size: 16px;\">Si l\u2019Utilisateur refuse l\u2019enregistrement de Cookies dans son terminal ou son navigateur, ou si l\u2019Utilisateur supprime ceux qui y sont enregistr\u00e9s, l\u2019Utilisateur est inform\u00e9 que sa navigation et son exp\u00e9rience sur le Site peuvent \u00eatre limit\u00e9es. Cela pourrait \u00e9galement \u00eatre le cas lorsque <a href=\"https:\/\/www.evaorigen.com\/\" target=\"_blank\" data-saferedirecturl=\"https:\/\/www.google.com\/url?q=https:\/\/www.evaorigen.com\/&amp;source=gmail&amp;ust=1675786063474000&amp;usg=AOvVaw1cRFlr1dm8g7_rjzHoQDpl\" rel=\"noopener\">https:\/\/www.evaorigen.com\/<\/a> ou l\u2019un de ses prestataires ne peut pas reconna\u00eetre, \u00e0 des fins de compatibilit\u00e9 technique, le type de navigateur utilis\u00e9 par le terminal, les param\u00e8tres de langue et d\u2019affichage ou le pays depuis lequel le terminal semble connect\u00e9 \u00e0 Internet.<\/p>\n<p style=\"color: #212121; font-family: -apple-system,helveticaneue; font-size: 16px;\">Le cas \u00e9ch\u00e9ant,\u00a0<a href=\"https:\/\/www.evaorigen.com\/\" target=\"_blank\" data-saferedirecturl=\"https:\/\/www.google.com\/url?q=https:\/\/www.evaorigen.com\/&amp;source=gmail&amp;ust=1675786063474000&amp;usg=AOvVaw1cRFlr1dm8g7_rjzHoQDpl\" rel=\"noopener\">https:\/\/www.<wbr \/>evaorigen.com\/<\/a> d\u00e9cline toute responsabilit\u00e9 pour les cons\u00e9quences li\u00e9es au fonctionnement d\u00e9grad\u00e9 du Site et des services \u00e9ventuellement propos\u00e9s par\u00a0<span style=\"font-size: large; color: #212121; font-family: -apple-system, helveticaneue;\"><span style=\"font-size: 16px;\"><a href=\"https:\/\/www.evaorigen.com\/\" target=\"_blank\" data-saferedirecturl=\"https:\/\/www.google.com\/url?q=https:\/\/www.evaorigen.com\/&amp;source=gmail&amp;ust=1675786063474000&amp;usg=AOvVaw1cRFlr1dm8g7_rjzHoQDpl\" rel=\"noopener\">https:\/\/www.evaorigen.com\/<\/a><\/span><\/span><wbr \/>\u00a0r\u00e9sultant (i) du refus de Cookies par l\u2019Utilisateur (ii) de l\u2019impossibilit\u00e9 pour\u00a0<a href=\"https:\/\/www.evaorigen.com\/\" target=\"_blank\" data-saferedirecturl=\"https:\/\/www.google.com\/url?q=https:\/\/www.evaorigen.com\/&amp;source=gmail&amp;ust=1675786063474000&amp;usg=AOvVaw1cRFlr1dm8g7_rjzHoQDpl\" rel=\"noopener\">https:\/\/www.evaorigen.<wbr \/>com\/<\/a> d\u2019enregistrer ou de consulter les Cookies n\u00e9cessaires \u00e0 leur fonctionnement du fait du choix de l\u2019Utilisateur. Pour la gestion des Cookies et des choix de l\u2019Utilisateur, la configuration de chaque navigateur est diff\u00e9rente. Elle est d\u00e9crite dans le menu d\u2019aide du navigateur, qui permettra de savoir de quelle mani\u00e8re l\u2019Utilisateur peut modifier ses souhaits en mati\u00e8re de Cookies.<\/p>\n<p style=\"color: #212121; font-family: -apple-system,helveticaneue; font-size: 16px;\">\u00c0 tout moment, l\u2019Utilisateur peut faire le choix d\u2019exprimer et de modifier ses souhaits en mati\u00e8re de Cookies.\u00a0<a href=\"https:\/\/www.evaorigen.com\/pourra\" target=\"_blank\" data-saferedirecturl=\"https:\/\/www.google.com\/url?q=https:\/\/www.evaorigen.com\/pourra&amp;source=gmail&amp;ust=1675786063474000&amp;usg=AOvVaw0xv_t-xYSBDvv6XkgBob0d\" rel=\"noopener\">https:\/\/www.<wbr \/>evaorigen.com\/pourra<\/a> en outre faire appel aux services de prestataires externes pour l\u2019aider \u00e0 recueillir et traiter les informations d\u00e9crites dans cette section.<\/p>\n<p style=\"color: #212121; font-family: -apple-system,helveticaneue; font-size: 16px;\">Enfin, en cliquant sur les ic\u00f4nes d\u00e9di\u00e9es aux r\u00e9seaux sociaux Pinterest, Instagram figurant sur le Site de\u00a0<a href=\"https:\/\/www.evaorigen.com\/\" target=\"_blank\" data-saferedirecturl=\"https:\/\/www.google.com\/url?q=https:\/\/www.evaorigen.com\/&amp;source=gmail&amp;ust=1675786063474000&amp;usg=AOvVaw1cRFlr1dm8g7_rjzHoQDpl\" rel=\"noopener\">https:\/\/www.evaorigen.com\/<\/a> ou dans son application mobile et si l\u2019Utilisateur a accept\u00e9 le d\u00e9p\u00f4t de cookies en poursuivant sa navigation sur le Site Internet ou l\u2019application mobile de\u00a0<a href=\"https:\/\/www.evaorigen.com\/\" target=\"_blank\" data-saferedirecturl=\"https:\/\/www.google.com\/url?q=https:\/\/www.evaorigen.com\/&amp;source=gmail&amp;ust=1675786063474000&amp;usg=AOvVaw1cRFlr1dm8g7_rjzHoQDpl\" rel=\"noopener\">https:\/\/www.evaorigen.com\/<\/a>, Pinterest, Instagram peuvent \u00e9galement d\u00e9poser des cookies sur vos terminaux (ordinateur, tablette, t\u00e9l\u00e9phone portable).<\/p>\n<p style=\"color: #212121; font-family: -apple-system,helveticaneue; font-size: 16px;\">Ces types de cookies ne sont d\u00e9pos\u00e9s sur vos terminaux qu\u2019\u00e0 condition que vous y consentiez, en continuant votre navigation sur le Site Internet ou l\u2019application mobile de <a href=\"https:\/\/www.evaorigen.com\/\" target=\"_blank\" data-saferedirecturl=\"https:\/\/www.google.com\/url?q=https:\/\/www.evaorigen.com\/&amp;source=gmail&amp;ust=1675786063474000&amp;usg=AOvVaw1cRFlr1dm8g7_rjzHoQDpl\" rel=\"noopener\">https:\/\/www.evaorigen.com\/<\/a>.<\/p>\n<p><span style=\"color: #212121; font-family: -apple-system,helveticaneue; font-size: 16px;\">\u00c0 tout moment, l\u2019Utilisateur peut n\u00e9anmoins revenir sur son consentement \u00e0 ce que <a href=\"https:\/\/www.evaorigen.com\/\" target=\"_blank\" data-saferedirecturl=\"https:\/\/www.google.com\/url?q=https:\/\/www.evaorigen.com\/&amp;source=gmail&amp;ust=1675786063474000&amp;usg=AOvVaw1cRFlr1dm8g7_rjzHoQDpl\" rel=\"noopener\">https:\/\/www.evaorigen.com\/<\/a> d\u00e9pose ce type de cookies.<\/span><\/p>\n<p style=\"color: #212121; font-family: -apple-system,helveticaneue; font-size: 16px;\">Titre de la cat\u00e9gorie Cookies n\u00e9cessaires<br \/>\nN\u00e9cessaires<br \/>\nLes cookies n\u00e9cessaires contribuent \u00e0 rendre un site Web utilisable en activant des fonctions de base comme la navigation de page et l\u2019acc\u00e8s aux zones s\u00e9curis\u00e9es du site Web. Le site Web ne peut pas fonctionner correctement sans ces cookies.<\/p>\n<p style=\"color: #212121; font-family: -apple-system,helveticaneue; font-size: 16px;\">Pr\u00e9f\u00e9rences<br \/>\nLes cookies n\u00e9cessaires contribuent \u00e0 rendre un site Web utilisable en activant des fonctions de base comme la navigation de page et l\u2019acc\u00e8s aux zones s\u00e9curis\u00e9es du site Web. Le site Web ne peut pas fonctionner correctement sans ces cookies.<\/p>\n<p style=\"color: #212121; font-family: -apple-system,helveticaneue; font-size: 16px;\">Statistiques<br \/>\nLes cookies statistiques aident les propri\u00e9taires du site Web, par la collecte et la communication d\u2019informations de mani\u00e8re anonyme, \u00e0 comprendre comment les visiteurs interagissent avec les sites Web.<\/p>\n<p style=\"color: #212121; font-family: -apple-system,helveticaneue; font-size: 16px;\">Marketing<br \/>\nLes cookies marketing sont utilis\u00e9s pour effectuer le suivi des visiteurs au travers des sites Web. Le but est d\u2019afficher des publicit\u00e9s qui sont pertinentes et int\u00e9ressantes pour l\u2019utilisateur individuel et donc plus pr\u00e9cieuses pour les \u00e9diteurs et annonceurs tiers.<\/p>\n<p style=\"color: #212121; font-family: -apple-system,helveticaneue; font-size: 16px;\">Non class\u00e9s<br \/>\nLes cookies non class\u00e9s sont les cookies qui sont en cours de classification, ainsi que les fournisseurs de cookies individuels.<\/p>\n<p style=\"color: #212121; font-family: -apple-system,helveticaneue; font-size: 16px;\">BALISES (\u201cTAGS\u201d) INTERNET<\/p>\n<p><span style=\"color: #212121; font-family: -apple-system, helveticaneue;\"><span style=\"font-size: 16px;\"><a href=\"https:\/\/www.evaorigen.com\/\" target=\"_blank\" data-saferedirecturl=\"https:\/\/www.google.com\/url?q=https:\/\/www.evaorigen.com\/&amp;source=gmail&amp;ust=1675786063474000&amp;usg=AOvVaw1cRFlr1dm8g7_rjzHoQDpl\" rel=\"noopener\">https:\/\/www.evaorigen.com\/<\/a>\u00a0<\/span><\/span><span style=\"color: #212121; font-family: -apple-system,helveticaneue; font-size: 16px;\">peu<wbr \/>t employer occasionnellement des balises Internet (\u00e9galement appel\u00e9es \u00ab tags \u00bb, ou balises d\u2019action, GIF \u00e0 un pixel, GIF transparents, GIF invisibles et GIF un \u00e0 un) et les d\u00e9ployer par l\u2019interm\u00e9diaire d\u2019un partenaire sp\u00e9cialiste d\u2019analyses Web susceptible de se trouver (et donc de stocker les informations correspondantes, y compris l\u2019adresse IP de l\u2019Utilisateur) dans un pays \u00e9tranger.<\/span><\/p>\n<p style=\"color: #212121; font-family: -apple-system,helveticaneue; font-size: 16px;\">Ces balises sont plac\u00e9es \u00e0 la fois dans les publicit\u00e9s en ligne permettant aux internautes d\u2019acc\u00e9der au Site, et sur les diff\u00e9rentes pages de celui-ci.<\/p>\n<p style=\"color: #212121; font-family: -apple-system,helveticaneue; font-size: 16px;\">Cette technologie permet \u00e0\u00a0<a href=\"https:\/\/www.evaorigen.com\/\" target=\"_blank\" data-saferedirecturl=\"https:\/\/www.google.com\/url?q=https:\/\/www.evaorigen.com\/&amp;source=gmail&amp;ust=1675786063474000&amp;usg=AOvVaw1cRFlr1dm8g7_rjzHoQDpl\" rel=\"noopener\">https:\/\/www.evaorigen.com\/<\/a> d\u2019\u00e9valuer les r\u00e9ponses des visiteurs face au Site et l\u2019efficacit\u00e9 de ses actions (par exemple, le nombre de fois o\u00f9 une page est ouverte et les informations consult\u00e9es), ainsi que l\u2019utilisation de ce Site par l\u2019Utilisateur.<\/p>\n<p style=\"color: #212121; font-family: -apple-system,helveticaneue; font-size: 16px;\">Le prestataire externe pourra \u00e9ventuellement recueillir des informations sur les visiteurs du Site et d\u2019autres sites Internet gr\u00e2ce \u00e0 ces balises, constituer des rapports sur l\u2019activit\u00e9 du Site \u00e0 l\u2019attention, <a href=\"https:\/\/www.evaorigen.com\/\" target=\"_blank\" data-saferedirecturl=\"https:\/\/www.google.com\/url?q=https:\/\/www.evaorigen.com\/&amp;source=gmail&amp;ust=1675786063474000&amp;usg=AOvVaw1cRFlr1dm8g7_rjzHoQDpl\" rel=\"noopener\">https:\/\/www.evaorigen.com\/<\/a><\/p>\n<p style=\"color: #212121; font-family: -apple-system,helveticaneue; font-size: 16px;\">\u00a0et fournir d\u2019autres services relatifs \u00e0 l\u2019utilisation de celui-ci et d\u2019Internet.<\/p>\n<\/div>\n<\/div>\n<div class=\"yj6qo\"><\/div>\n<div dir=\"auto\" class=\"adL\"><\/div>\n<div dir=\"auto\" class=\"adL\"><\/div>\n<\/div>\n<div class=\"adL\"><\/div>\n<\/div>\n<\/div>\n<div class=\"hi\"><\/div>\n<\/div>\n<\/div>\n<div class=\"ajx\"><\/div>\n<\/div>\n<div class=\"gA gt acV\">\n<div class=\"gB xu\">\n<div class=\"ip iq\">\n<div id=\":8b\">\n<table class=\"cf wS\" role=\"presentation\">\n<tbody>\n<tr>\n<td class=\"amq\"><\/td>\n<\/tr>\n<\/tbody>\n<\/table>\n<\/div>\n<\/div>\n<\/div>\n<\/div>\n<p>[\/et_pb_text][\/et_pb_column][\/et_pb_row][\/et_pb_section]<\/p>","protected":false},"excerpt":{"rendered":"<p>POLITIQUE DE COOKIES \u00ab COOKIES \u00bb Un \u00ab cookie \u00bb est un petit fichier d\u2019information envoy\u00e9 sur le navigateur de l\u2019Utilisateur et enregistr\u00e9 au sein du terminal de l\u2019Utilisateur (ex : ordinateur, smartphone), (ci-apr\u00e8s \u00ab Cookies \u00bb). Ce fichier comprend des informations telles que le nom de domaine de l\u2019Utilisateur, le fournisseur d\u2019acc\u00e8s Internet de [&hellip;]<\/p>","protected":false},"author":1,"featured_media":0,"parent":0,"menu_order":0,"comment_status":"closed","ping_status":"closed","template":"","meta":{"_et_pb_use_builder":"on","_et_pb_old_content":"","_et_gb_content_width":"","footnotes":""},"class_list":["post-472","page","type-page","status-publish","hentry"],"yoast_head":"<!-- This site is optimized with the Yoast SEO plugin v20.1 - https:\/\/yoast.com\/wordpress\/plugins\/seo\/ -->\n<title>Cookie - Eva Origen<\/title>\n<meta name=\"robots\" content=\"index, follow, max-snippet:-1, max-image-preview:large, max-video-preview:-1\" \/>\n<link rel=\"canonical\" href=\"https:\/\/evaorigen.com\/es\/cookie\/\" \/>\n<meta property=\"og:locale\" content=\"es_ES\" \/>\n<meta property=\"og:type\" content=\"article\" \/>\n<meta property=\"og:title\" content=\"Cookie - Eva Origen\" \/>\n<meta property=\"og:description\" content=\"POLITIQUE DE COOKIES \u00ab COOKIES \u00bb Un \u00ab cookie \u00bb est un petit fichier d\u2019information envoy\u00e9 sur le navigateur de l\u2019Utilisateur et enregistr\u00e9 au sein du terminal de l\u2019Utilisateur (ex : ordinateur, smartphone), (ci-apr\u00e8s \u00ab Cookies \u00bb). Ce fichier comprend des informations telles que le nom de domaine de l\u2019Utilisateur, le fournisseur d\u2019acc\u00e8s Internet de [&hellip;]\" \/>\n<meta property=\"og:url\" content=\"https:\/\/evaorigen.com\/es\/cookie\/\" \/>\n<meta property=\"og:site_name\" content=\"Eva Origen\" \/>\n<meta property=\"article:publisher\" content=\"https:\/\/www.facebook.com\/xanatherapeute\" \/>\n<meta name=\"twitter:label1\" content=\"Tiempo de lectura\" \/>\n\t<meta name=\"twitter:data1\" content=\"6 minutos\" \/>\n<script type=\"application\/ld+json\" class=\"yoast-schema-graph\">{\"@context\":\"https:\/\/schema.org\",\"@graph\":[{\"@type\":\"WebPage\",\"@id\":\"https:\/\/evaorigen.com\/cookie\/\",\"url\":\"https:\/\/evaorigen.com\/cookie\/\",\"name\":\"Cookie - Eva Origen\",\"isPartOf\":{\"@id\":\"https:\/\/evaorigen.com\/#website\"},\"datePublished\":\"2023-02-06T16:30:36+00:00\",\"dateModified\":\"2023-02-06T16:30:36+00:00\",\"inLanguage\":\"es\",\"potentialAction\":[{\"@type\":\"ReadAction\",\"target\":[\"https:\/\/evaorigen.com\/cookie\/\"]}]},{\"@type\":\"WebSite\",\"@id\":\"https:\/\/evaorigen.com\/#website\",\"url\":\"https:\/\/evaorigen.com\/\",\"name\":\"Eva Origen\",\"description\":\"Accompagnement Holistique\",\"publisher\":{\"@id\":\"https:\/\/evaorigen.com\/#\/schema\/person\/77a4a54746e7c6eece2474c96338c6d0\"},\"potentialAction\":[{\"@type\":\"SearchAction\",\"target\":{\"@type\":\"EntryPoint\",\"urlTemplate\":\"https:\/\/evaorigen.com\/?s={search_term_string}\"},\"query-input\":\"required name=search_term_string\"}],\"inLanguage\":\"es\"},{\"@type\":[\"Person\",\"Organization\"],\"@id\":\"https:\/\/evaorigen.com\/#\/schema\/person\/77a4a54746e7c6eece2474c96338c6d0\",\"name\":\"admin\",\"image\":{\"@type\":\"ImageObject\",\"inLanguage\":\"es\",\"@id\":\"https:\/\/evaorigen.com\/#\/schema\/person\/image\/\",\"url\":\"https:\/\/evaorigen.com\/wp-content\/uploads\/2023\/02\/Eva-Origen-Logo.png\",\"contentUrl\":\"https:\/\/evaorigen.com\/wp-content\/uploads\/2023\/02\/Eva-Origen-Logo.png\",\"width\":300,\"height\":155,\"caption\":\"admin\"},\"logo\":{\"@id\":\"https:\/\/evaorigen.com\/#\/schema\/person\/image\/\"},\"sameAs\":[\"https:\/\/www.facebook.com\/xanatherapeute\",\"https:\/\/www.instagram.com\/eva_origen\"]}]}<\/script>\n<!-- \/ Yoast SEO plugin. -->","yoast_head_json":{"title":"Cookie - Eva Origen","robots":{"index":"index","follow":"follow","max-snippet":"max-snippet:-1","max-image-preview":"max-image-preview:large","max-video-preview":"max-video-preview:-1"},"canonical":"https:\/\/evaorigen.com\/es\/cookie\/","og_locale":"es_ES","og_type":"article","og_title":"Cookie - Eva Origen","og_description":"POLITIQUE DE COOKIES \u00ab COOKIES \u00bb Un \u00ab cookie \u00bb est un petit fichier d\u2019information envoy\u00e9 sur le navigateur de l\u2019Utilisateur et enregistr\u00e9 au sein du terminal de l\u2019Utilisateur (ex : ordinateur, smartphone), (ci-apr\u00e8s \u00ab Cookies \u00bb). Ce fichier comprend des informations telles que le nom de domaine de l\u2019Utilisateur, le fournisseur d\u2019acc\u00e8s Internet de [&hellip;]","og_url":"https:\/\/evaorigen.com\/es\/cookie\/","og_site_name":"Eva Origen","article_publisher":"https:\/\/www.facebook.com\/xanatherapeute","twitter_misc":{"Tiempo de lectura":"6 minutos"},"schema":{"@context":"https:\/\/schema.org","@graph":[{"@type":"WebPage","@id":"https:\/\/evaorigen.com\/cookie\/","url":"https:\/\/evaorigen.com\/cookie\/","name":"Cookie - Eva Origen","isPartOf":{"@id":"https:\/\/evaorigen.com\/#website"},"datePublished":"2023-02-06T16:30:36+00:00","dateModified":"2023-02-06T16:30:36+00:00","inLanguage":"es","potentialAction":[{"@type":"ReadAction","target":["https:\/\/evaorigen.com\/cookie\/"]}]},{"@type":"WebSite","@id":"https:\/\/evaorigen.com\/#website","url":"https:\/\/evaorigen.com\/","name":"Eva Origen","description":"Accompagnement Holistique","publisher":{"@id":"https:\/\/evaorigen.com\/#\/schema\/person\/77a4a54746e7c6eece2474c96338c6d0"},"potentialAction":[{"@type":"SearchAction","target":{"@type":"EntryPoint","urlTemplate":"https:\/\/evaorigen.com\/?s={search_term_string}"},"query-input":"required name=search_term_string"}],"inLanguage":"es"},{"@type":["Person","Organization"],"@id":"https:\/\/evaorigen.com\/#\/schema\/person\/77a4a54746e7c6eece2474c96338c6d0","name":"admin","image":{"@type":"ImageObject","inLanguage":"es","@id":"https:\/\/evaorigen.com\/#\/schema\/person\/image\/","url":"https:\/\/evaorigen.com\/wp-content\/uploads\/2023\/02\/Eva-Origen-Logo.png","contentUrl":"https:\/\/evaorigen.com\/wp-content\/uploads\/2023\/02\/Eva-Origen-Logo.png","width":300,"height":155,"caption":"admin"},"logo":{"@id":"https:\/\/evaorigen.com\/#\/schema\/person\/image\/"},"sameAs":["https:\/\/www.facebook.com\/xanatherapeute","https:\/\/www.instagram.com\/eva_origen"]}]}},"_links":{"self":[{"href":"https:\/\/evaorigen.com\/es\/wp-json\/wp\/v2\/pages\/472","targetHints":{"allow":["GET"]}}],"collection":[{"href":"https:\/\/evaorigen.com\/es\/wp-json\/wp\/v2\/pages"}],"about":[{"href":"https:\/\/evaorigen.com\/es\/wp-json\/wp\/v2\/types\/page"}],"author":[{"embeddable":true,"href":"https:\/\/evaorigen.com\/es\/wp-json\/wp\/v2\/users\/1"}],"replies":[{"embeddable":true,"href":"https:\/\/evaorigen.com\/es\/wp-json\/wp\/v2\/comments?post=472"}],"version-history":[{"count":2,"href":"https:\/\/evaorigen.com\/es\/wp-json\/wp\/v2\/pages\/472\/revisions"}],"predecessor-version":[{"id":475,"href":"https:\/\/evaorigen.com\/es\/wp-json\/wp\/v2\/pages\/472\/revisions\/475"}],"wp:attachment":[{"href":"https:\/\/evaorigen.com\/es\/wp-json\/wp\/v2\/media?parent=472"}],"curies":[{"name":"wp","href":"https:\/\/api.w.org\/{rel}","templated":true}]}}